{"id":238358,"date":"2022-11-23T12:02:54","date_gmt":"2022-11-23T11:02:54","guid":{"rendered":"https:\/\/www.easyconnecta.com\/projekty\/"},"modified":"2024-09-14T17:23:02","modified_gmt":"2024-09-14T15:23:02","slug":"projekty","status":"publish","type":"page","link":"https:\/\/www.easyconnecta.com\/cs\/projekty\/","title":{"rendered":"Projekty"},"content":{"rendered":"<p>[et_pb_section fb_built=&#8220;1&#8243; fullwidth=&#8220;on&#8220; admin_label=&#8220;Header&#8220; _builder_version=&#8220;4.19.1&#8243; background_enable_image=&#8220;off&#8220; parallax=&#8220;on&#8220; background_video_mp4=&#8220;https:\/\/www.easyconnecta.com\/wp-content\/uploads\/2022\/11\/Easyconnecta.mp4&#8243; animation_style=&#8220;fade&#8220; global_colors_info=&#8220;{}&#8220;][et_pb_fullwidth_header title=&#8220;Projekty&#8220; text_orientation=&#8220;center&#8220; content_max_width=&#8220;640px&#8220; _builder_version=&#8220;4.19.1&#8243; title_font=&#8220;|900||on|||||&#8220; title_font_size=&#8220;40px&#8220; title_line_height=&#8220;1.5em&#8220; content_font=&#8220;||||||||&#8220; content_font_size=&#8220;16px&#8220; content_line_height=&#8220;2em&#8220; background_color=&#8220;rgba(0,0,0,0)&#8220; use_background_color_gradient=&#8220;on&#8220; background_color_gradient_stops=&#8220;rgba(255,255,255,0.87) 0%|#ffffff 100%&#8220; custom_button_one=&#8220;on&#8220; button_one_text_size=&#8220;14px&#8220; button_one_text_color=&#8220;#ffffff&#8220; button_one_bg_color=&#8220;#0054ff&#8220; button_one_border_width=&#8220;14px&#8220; button_one_border_color=&#8220;rgba(0,0,0,0)&#8220; button_one_border_radius=&#8220;0px&#8220; button_one_letter_spacing=&#8220;2px&#8220; button_one_font=&#8220;|600||on|||||&#8220; button_one_icon=&#8220;&#x39;||divi||400&#8243; button_one_on_hover=&#8220;off&#8220; custom_button_two=&#8220;on&#8220; button_two_text_size=&#8220;14px&#8220; button_two_text_color=&#8220;#0054ff&#8220; button_two_bg_color=&#8220;rgba(255,255,255,0)&#8220; button_two_border_width=&#8220;12px&#8220; button_two_border_color=&#8220;rgba(0,0,0,0)&#8220; button_two_border_radius=&#8220;0px&#8220; button_two_letter_spacing=&#8220;2px&#8220; button_two_font=&#8220;|600||on|||||&#8220; button_two_icon=&#8220;&#x39;||divi||400&#8243; button_two_on_hover=&#8220;off&#8220; background_layout=&#8220;light&#8220; custom_margin=&#8220;|||&#8220; custom_padding=&#8220;6vw||1vw||false|false&#8220; animation_style=&#8220;zoom&#8220; animation_intensity_zoom=&#8220;-5%&#8220; title_font_size_tablet=&#8220;&#8220; title_font_size_phone=&#8220;25px&#8220; title_font_size_last_edited=&#8220;on|desktop&#8220; box_shadow_style_button_two=&#8220;preset1&#8243; box_shadow_vertical_button_two=&#8220;0px&#8220; box_shadow_blur_button_two=&#8220;0px&#8220; box_shadow_spread_button_two=&#8220;2px&#8220; box_shadow_color_button_two=&#8220;#0054ff&#8220; button_one_letter_spacing_hover=&#8220;2px&#8220; button_two_letter_spacing_hover=&#8220;2px&#8220; global_colors_info=&#8220;{}&#8220; button_one_text_size__hover_enabled=&#8220;off&#8220; button_two_text_size__hover_enabled=&#8220;off&#8220; button_one_text_color__hover_enabled=&#8220;off&#8220; button_two_text_color__hover_enabled=&#8220;off&#8220; button_one_border_width__hover_enabled=&#8220;off&#8220; button_two_border_width__hover_enabled=&#8220;off&#8220; button_one_border_color__hover_enabled=&#8220;off&#8220; button_two_border_color__hover_enabled=&#8220;off&#8220; button_one_border_radius__hover_enabled=&#8220;off&#8220; button_two_border_radius__hover_enabled=&#8220;off&#8220; button_one_letter_spacing__hover_enabled=&#8220;on&#8220; button_one_letter_spacing__hover=&#8220;2px&#8220; button_two_letter_spacing__hover_enabled=&#8220;on&#8220; button_two_letter_spacing__hover=&#8220;2px&#8220; button_one_bg_color__hover_enabled=&#8220;off&#8220; button_two_bg_color__hover_enabled=&#8220;off&#8220;]<\/p>\n<p>&nbsp;<\/p>\n<p>&nbsp;<\/p>\n<p>[\/et_pb_fullwidth_header][\/et_pb_section][et_pb_section fb_built=&#8220;1&#8243; admin_label=&#8220;Projects&#8220; _builder_version=&#8220;4.16&#8243; custom_padding=&#8220;54px|0px|100px|0px|false|false&#8220; global_colors_info=&#8220;{}&#8220;][et_pb_row use_custom_gutter=&#8220;on&#8220; gutter_width=&#8220;2&#8243; _builder_version=&#8220;4.23&#8243; _module_preset=&#8220;default&#8220; width=&#8220;55%&#8220; width_tablet=&#8220;55%&#8220; width_phone=&#8220;55%&#8220; width_last_edited=&#8220;on|phone&#8220; custom_margin=&#8220;-11vw||||false|false&#8220; custom_margin_tablet=&#8220;-18vw||||false|false&#8220; custom_margin_phone=&#8220;-26vw||||false|false&#8220; custom_margin_last_edited=&#8220;on|phone&#8220; hover_enabled=&#8220;0&#8243; global_colors_info=&#8220;{}&#8220; max_width=&#8220;900px&#8220; sticky_enabled=&#8220;0&#8243;][et_pb_column type=&#8220;4_4&#8243; _builder_version=&#8220;4.19.1&#8243; _module_preset=&#8220;default&#8220; global_colors_info=&#8220;{}&#8220;][et_pb_portfolio posts_number=&#8220;20&#8243; _builder_version=&#8220;4.23&#8243; _module_preset=&#8220;default&#8220; title_font=&#8220;Open Sans|||on|||||&#8220; title_text_align=&#8220;center&#8220; title_font_size=&#8220;35px&#8220; hover_enabled=&#8220;0&#8243; title_font_size_tablet=&#8220;27px&#8220; title_font_size_phone=&#8220;19px&#8220; title_font_size_last_edited=&#8220;on|phone&#8220; global_colors_info=&#8220;{}&#8220; show_title=&#8220;off&#8220; show_categories=&#8220;off&#8220; show_pagination=&#8220;off&#8220; sticky_enabled=&#8220;0&#8243;][\/et_pb_portfolio][\/et_pb_column][\/et_pb_row][\/et_pb_section][et_pb_section fb_built=&#8220;1&#8243; fullwidth=&#8220;on&#8220; admin_label=&#8220;Footer&#8220; _builder_version=&#8220;4.19.1&#8243; background_color=&#8220;#485131&#8243; background_image=&#8220;https:\/\/www.easyconnecta.com\/wp-content\/uploads\/2022\/11\/Untitled-design-8.png&#8220; parallax=&#8220;on&#8220; locked=&#8220;off&#8220; global_colors_info=&#8220;{}&#8220;][et_pb_fullwidth_header title=&#8220;Jste p\u0159ipraveni zah\u00e1jit projekt?&#8220; subhead=&#8220;Jsem k dispozici pro freelance pr\u00e1ci&#8220; text_orientation=&#8220;center&#8220; button_one_text=&#8220;Spojte se se mnou&#8220; button_one_url=&#8220;https:\/\/www.easyconnecta.com\/contact\/&#8220; _builder_version=&#8220;4.19.4&#8243; title_level=&#8220;h2&#8243; title_font=&#8220;|900|||||||&#8220; title_font_size=&#8220;50px&#8220; title_letter_spacing=&#8220;1px&#8220; title_line_height=&#8220;1.5em&#8220; content_font=&#8220;||||||||&#8220; content_font_size=&#8220;16px&#8220; content_line_height=&#8220;2em&#8220; subhead_font=&#8220;|700||on|||||&#8220; subhead_text_color=&#8220;#A2AC75&#8243; subhead_font_size=&#8220;14px&#8220; subhead_letter_spacing=&#8220;2px&#8220; background_color=&#8220;rgba(0,0,0,0)&#8220; custom_button_one=&#8220;on&#8220; button_one_text_size=&#8220;14px&#8220; button_one_text_color=&#8220;#FFFFFF&#8220; button_one_bg_color=&#8220;#A2AC75&#8243; button_one_border_width=&#8220;14px&#8220; button_one_border_color=&#8220;rgba(0,0,0,0)&#8220; button_one_border_radius=&#8220;0px&#8220; button_one_letter_spacing=&#8220;2px&#8220; button_one_font=&#8220;|600||on|||||&#8220; button_one_icon=&#8220;&#x39;||divi||400&#8243; button_one_on_hover=&#8220;off&#8220; custom_button_two=&#8220;on&#8220; button_two_text_size=&#8220;14px&#8220; button_two_text_color=&#8220;#ffffff&#8220; button_two_bg_color=&#8220;rgba(255,255,255,0)&#8220; button_two_border_width=&#8220;12px&#8220; button_two_border_color=&#8220;rgba(0,0,0,0)&#8220; button_two_border_radius=&#8220;0px&#8220; button_two_letter_spacing=&#8220;2px&#8220; button_two_font=&#8220;|600||on|||||&#8220; button_two_icon=&#8220;&#x39;||divi||400&#8243; button_two_on_hover=&#8220;off&#8220; custom_margin=&#8220;|||&#8220; custom_padding=&#8220;6vw|||&#8220; animation_style=&#8220;zoom&#8220; animation_intensity_zoom=&#8220;-5%&#8220; title_font_size_tablet=&#8220;40px&#8220; title_font_size_phone=&#8220;25px&#8220; title_font_size_last_edited=&#8220;on|tablet&#8220; box_shadow_style_button_two=&#8220;preset1&#8243; box_shadow_vertical_button_two=&#8220;0px&#8220; box_shadow_blur_button_two=&#8220;0px&#8220; box_shadow_spread_button_two=&#8220;2px&#8220; box_shadow_color_button_two=&#8220;#0054ff&#8220; button_one_letter_spacing_hover=&#8220;2px&#8220; button_two_letter_spacing_hover=&#8220;2px&#8220; global_colors_info=&#8220;{}&#8220; button_one_text_size__hover_enabled=&#8220;off&#8220; button_two_text_size__hover_enabled=&#8220;off&#8220; button_one_text_color__hover_enabled=&#8220;off&#8220; button_two_text_color__hover_enabled=&#8220;off&#8220; button_one_border_width__hover_enabled=&#8220;off&#8220; button_two_border_width__hover_enabled=&#8220;off&#8220; button_one_border_color__hover_enabled=&#8220;off&#8220; button_two_border_color__hover_enabled=&#8220;off&#8220; button_one_border_radius__hover_enabled=&#8220;off&#8220; button_two_border_radius__hover_enabled=&#8220;off&#8220; button_one_letter_spacing__hover_enabled=&#8220;on&#8220; button_one_letter_spacing__hover=&#8220;2px&#8220; button_two_letter_spacing__hover_enabled=&#8220;on&#8220; button_two_letter_spacing__hover=&#8220;2px&#8220; button_one_bg_color__hover_enabled=&#8220;off&#8220; button_two_bg_color__hover_enabled=&#8220;off&#8220;][\/et_pb_fullwidth_header][\/et_pb_section]<\/p>\n","protected":false},"excerpt":{"rendered":"<p>&nbsp; &nbsp;<\/p>\n","protected":false},"author":1,"featured_media":0,"parent":0,"menu_order":0,"comment_status":"closed","ping_status":"closed","template":"","meta":{"_et_pb_use_builder":"on","_et_pb_old_content":"","_et_gb_content_width":"","footnotes":""},"class_list":["post-238358","page","type-page","status-publish","hentry"],"_links":{"self":[{"href":"https:\/\/www.easyconnecta.com\/cs\/wp-json\/wp\/v2\/pages\/238358","targetHints":{"allow":["GET"]}}],"collection":[{"href":"https:\/\/www.easyconnecta.com\/cs\/wp-json\/wp\/v2\/pages"}],"about":[{"href":"https:\/\/www.easyconnecta.com\/cs\/wp-json\/wp\/v2\/types\/page"}],"author":[{"embeddable":true,"href":"https:\/\/www.easyconnecta.com\/cs\/wp-json\/wp\/v2\/users\/1"}],"replies":[{"embeddable":true,"href":"https:\/\/www.easyconnecta.com\/cs\/wp-json\/wp\/v2\/comments?post=238358"}],"version-history":[{"count":2,"href":"https:\/\/www.easyconnecta.com\/cs\/wp-json\/wp\/v2\/pages\/238358\/revisions"}],"predecessor-version":[{"id":238360,"href":"https:\/\/www.easyconnecta.com\/cs\/wp-json\/wp\/v2\/pages\/238358\/revisions\/238360"}],"wp:attachment":[{"href":"https:\/\/www.easyconnecta.com\/cs\/wp-json\/wp\/v2\/media?parent=238358"}],"curies":[{"name":"wp","href":"https:\/\/api.w.org\/{rel}","templated":true}]}}